{"id":150,"date":"2023-01-10T23:49:09","date_gmt":"2023-01-10T23:49:09","guid":{"rendered":"http:\/\/botanicacbba2023.sbb.org.bo\/?page_id=150"},"modified":"2023-09-30T10:21:14","modified_gmt":"2023-09-30T10:21:14","slug":"envio-de-resumenes","status":"publish","type":"page","link":"https:\/\/botanicacbba2023.sbb.org.bo\/?page_id=150","title":{"rendered":"Env\u00edo de Res\u00famenes"},"content":{"rendered":"<style>.wp-block-kadence-advancedheading.kt-adv-heading_c0a8b2-11, .wp-block-kadence-advancedheading.kt-adv-heading_c0a8b2-11[data-kb-block=\"kb-adv-heading_c0a8b2-11\"]{text-align:center;font-style:normal;color:#117042;}.wp-block-kadence-advancedheading.kt-adv-heading_c0a8b2-11 mark, .wp-block-kadence-advancedheading.kt-adv-heading_c0a8b2-11[data-kb-block=\"kb-adv-heading_c0a8b2-11\"] mark{font-style:normal;color:#f76a0c;padding-top:0px;padding-right:0px;padding-bottom:0px;padding-left:0px;}<\/style>\n<h2 class=\"kt-adv-heading_c0a8b2-11 wp-block-kadence-advancedheading\" data-kb-block=\"kb-adv-heading_c0a8b2-11\">Env\u00edo de Res\u00famenes<\/h2>\n\n\n\n<p class=\"has-text-align-left has-medium-font-size\"><strong><span style=\"text-decoration: underline;\">Instrucci\u00f3n a los autores para la redacci\u00f3n de res\u00famenes<\/span><\/strong><\/p>\n\n\n\n<ol class=\"wp-block-list\" type=\"1\">\n<li>Los res\u00famenes que no se atengan estrictamente a las instrucciones no ser\u00e1n aceptados.<\/li>\n\n\n\n<li>Los res\u00famenes deber\u00e1n ser cargados en la p\u00e1gina web (https:\/\/botanicacbba2023.sbb.org.bo\/), como archivo en formato de Microsoft Word. El nombre del archivo debe incluir el n\u00famero de \u00e1rea tem\u00e1tica seguido de un gui\u00f3n, apellido del primer autor, gui\u00f3n y sus iniciales (ejemplo: 3-Perez-JP).<\/li>\n\n\n\n<li> El resumen deber\u00e1 ser redactado en espacio simple en MS Word con letra Times New Roman tama\u00f1o 12.<\/li>\n\n\n\n<li>El resumen deber\u00e1 seguir el siguiente formato:<\/li>\n<\/ol>\n\n\n\n<p><strong>T\u00edtulo<\/strong>: Deber\u00e1 ser escrito totalmente en may\u00fasculas y con negrillas, con excepci\u00f3n de los nombres gen\u00e9ricos y espec\u00edficos que ir\u00e1n en min\u00fasculas y cursivas.<\/p>\n\n\n\n<p>Autores: Dejando un espacio, colocar el nombre de los autores. Los apellidos e iniciales de todos los autores ir\u00e1n escritos en may\u00fasculas, con el apellido del ponente subrayado. Los nombres se separar\u00e1n con coma y se utilizar\u00e1 \u201c&amp;\u201d para el \u00faltimo autor. En caso de varios autores de distintas instituciones se deber\u00e1n utilizar super\u00edndices con n\u00fameros (no s\u00edmbolos). La direcci\u00f3n ir\u00e1 tambi\u00e9n en rengl\u00f3n aparte, e incluir\u00e1 la instituci\u00f3n (despu\u00e9s de super\u00edndices, en el caso mencionado arriba), direcci\u00f3n, c\u00f3digo postal, ciudad, pa\u00eds y finalmente correo electr\u00f3nico.<\/p>\n\n\n\n<p><strong>Texto de resumen<\/strong>: Deber\u00e1 estar separado de todo lo anterior por un espacio libre y justificado a ambos lados. El resumen debe ser conciso, no usar punto y aparte. Incluir los objetivos espec\u00edficos del trabajo, una breve, pero significativa menci\u00f3n de los m\u00e9todos utilizados, los resultados obtenidos y la interpretaci\u00f3n de los mismos, sin subtitular. No deber\u00e1 exceder de 300 palabras.<\/p>\n\n\n\n<p><strong>\u00c1rea tem\u00e1tica<\/strong>: elegir entre las seis \u00e1reas tem\u00e1ticas mencionadas anteriormente<\/p>\n\n\n\n<p>Tipo de Comunicaci\u00f3n: indicar si desea presentar el trabajo de forma oral o como p\u00f3ster.<\/p>\n\n\n\n<p>Todos los res\u00famenes ser\u00e1n evaluados por el Comit\u00e9 Cient\u00edfico, el cual comunicar\u00e1 al autor principal si su resumen ha sido aceptado y la modalidad de presentaci\u00f3n (oral\/p\u00f3ster)<\/p>\n\n\n\n<p>5) Para las presentaciones orales se dispondr\u00e1 de 15 minutos, 10 para la exposici\u00f3n y 5 para las preguntas y discusi\u00f3n. Podr\u00e1n utilizarse proyector de diapositivas, proyector de transparencias y data display. El tama\u00f1o de letra utilizada en las diapositivas debe ser de al menos 16 puntos en el formato de MS Power Point.<\/p>\n\n\n\n<p>6) Los p\u00f3sters estar\u00e1n expuestos durante todo el Congreso y deber\u00e1n tener 77 cm de ancho y 110 cm de alto. La colocaci\u00f3n del p\u00f3ster ser\u00e1 por cuenta del autor en el lugar que le indique el comit\u00e9 organizador a la entrega de la documentaci\u00f3n inicial.<\/p>\n\n\n\n<p class=\"has-theme-palette-3-color has-electric-grass-gradient-background has-text-color has-background has-medium-font-size\">Descarga las Instrucciones en PDF: <strong><a href=\"https:\/\/botanicacbba2023.sbb.org.bo\/wp-content\/uploads\/2023\/01\/Anexo-2.-Instrucciones-para-resumenes.pdf\" target=\"_blank\" rel=\"noreferrer noopener\">AQU\u00cd<\/a><\/strong><\/p>\n\n\n<style>.wp-block-kadence-advancedheading.kt-adv-heading_0d6ec2-1f, .wp-block-kadence-advancedheading.kt-adv-heading_0d6ec2-1f[data-kb-block=\"kb-adv-heading_0d6ec2-1f\"]{font-style:normal;}.wp-block-kadence-advancedheading.kt-adv-heading_0d6ec2-1f mark, .wp-block-kadence-advancedheading.kt-adv-heading_0d6ec2-1f[data-kb-block=\"kb-adv-heading_0d6ec2-1f\"] mark{font-style:normal;color:#f76a0c;padding-top:0px;padding-right:0px;padding-bottom:0px;padding-left:0px;}<\/style>\n<h2 class=\"kt-adv-heading_0d6ec2-1f wp-block-kadence-advancedheading\" data-kb-block=\"kb-adv-heading_0d6ec2-1f\">Env\u00eda tu Resumen<\/h2>\n\n\n\n<div class=\"wp-block-contact-form-7-contact-form-selector\">\n<div class=\"wpcf7 no-js\" id=\"wpcf7-f181-o1\" lang=\"es-ES\" dir=\"ltr\">\n<div class=\"screen-reader-response\"><p role=\"status\" aria-live=\"polite\" aria-atomic=\"true\"><\/p> <ul><\/ul><\/div>\n<form action=\"\/index.php?rest_route=%2Fwp%2Fv2%2Fpages%2F150#wpcf7-f181-o1\" method=\"post\" class=\"wpcf7-form init\" aria-label=\"Formulario de contacto\" enctype=\"multipart\/form-data\" novalidate=\"novalidate\" data-status=\"init\">\n<div style=\"display: none;\">\n<input type=\"hidden\" name=\"_wpcf7\" value=\"181\" \/>\n<input type=\"hidden\" name=\"_wpcf7_version\" value=\"5.7.7\" \/>\n<input type=\"hidden\" name=\"_wpcf7_locale\" value=\"es_ES\" \/>\n<input type=\"hidden\" name=\"_wpcf7_unit_tag\" value=\"wpcf7-f181-o1\" \/>\n<input type=\"hidden\" name=\"_wpcf7_container_post\" value=\"0\" \/>\n<input type=\"hidden\" name=\"_wpcf7_posted_data_hash\" value=\"\" \/>\n<\/div>\n<p><label> Tu nombre<br \/>\n<span class=\"wpcf7-form-control-wrap\" data-name=\"your-name\"><input size=\"40\" class=\"wpcf7-form-control wpcf7-text wpcf7-validates-as-required\" autocomplete=\"name\" aria-required=\"true\" aria-invalid=\"false\" value=\"\" type=\"text\" name=\"your-name\" \/><\/span> <\/label>\n<\/p>\n<p><label> Tu correo electr\u00f3nico<br \/>\n<span class=\"wpcf7-form-control-wrap\" data-name=\"your-email\"><input size=\"40\" class=\"wpcf7-form-control wpcf7-text wpcf7-email wpcf7-validates-as-required wpcf7-validates-as-email\" autocomplete=\"email\" aria-required=\"true\" aria-invalid=\"false\" value=\"\" type=\"email\" name=\"your-email\" \/><\/span> <\/label>\n<\/p>\n<p><label> Asunto<br \/>\n<span class=\"wpcf7-form-control-wrap\" data-name=\"your-subject\"><input size=\"40\" class=\"wpcf7-form-control wpcf7-text wpcf7-validates-as-required\" aria-required=\"true\" aria-invalid=\"false\" value=\"\" type=\"text\" name=\"your-subject\" \/><\/span> <\/label>\n<\/p>\n<p><label> Tu mensaje (opcional)<br \/>\n<span class=\"wpcf7-form-control-wrap\" data-name=\"your-message\"><textarea cols=\"40\" rows=\"10\" class=\"wpcf7-form-control wpcf7-textarea\" aria-invalid=\"false\" name=\"your-message\"><\/textarea><\/span> <\/label>\n<\/p>\n<p><span class=\"wpcf7-form-control-wrap\" data-name=\"file-733\"><input size=\"40\" class=\"wpcf7-form-control wpcf7-file\" accept=\".pdf,.txt,.docx,.doc\" aria-invalid=\"false\" type=\"file\" name=\"file-733\" \/><\/span>\n<\/p>\n<p><input class=\"wpcf7-form-control has-spinner wpcf7-submit\" type=\"submit\" value=\"Enviar\" \/>\n<\/p><div class=\"wpcf7-response-output\" aria-hidden=\"true\"><\/div>\n<\/form>\n<\/div>\n<\/div>\n","protected":false},"excerpt":{"rendered":"<p>Env\u00edo de Res\u00famenes Instrucci\u00f3n a los autores para la redacci\u00f3n de res\u00famenes T\u00edtulo: Deber\u00e1 ser escrito totalmente en may\u00fasculas y con negrillas, con excepci\u00f3n de los nombres gen\u00e9ricos y espec\u00edficos que ir\u00e1n en min\u00fasculas y cursivas. Autores: Dejando un espacio, colocar el nombre de los autores. Los apellidos e iniciales de todos los autores ir\u00e1n&#8230;<\/p>\n","protected":false},"author":1,"featured_media":0,"parent":0,"menu_order":0,"comment_status":"closed","ping_status":"closed","template":"","meta":{"_kad_post_transparent":"","_kad_post_title":"","_kad_post_layout":"","_kad_post_sidebar_id":"","_kad_post_content_style":"","_kad_post_vertical_padding":"","_kad_post_feature":"","_kad_post_feature_position":"","_kad_post_header":false,"_kad_post_footer":false,"footnotes":""},"class_list":["post-150","page","type-page","status-publish","hentry"],"jetpack_sharing_enabled":true,"_links":{"self":[{"href":"https:\/\/botanicacbba2023.sbb.org.bo\/index.php?rest_route=\/wp\/v2\/pages\/150","targetHints":{"allow":["GET"]}}],"collection":[{"href":"https:\/\/botanicacbba2023.sbb.org.bo\/index.php?rest_route=\/wp\/v2\/pages"}],"about":[{"href":"https:\/\/botanicacbba2023.sbb.org.bo\/index.php?rest_route=\/wp\/v2\/types\/page"}],"author":[{"embeddable":true,"href":"https:\/\/botanicacbba2023.sbb.org.bo\/index.php?rest_route=\/wp\/v2\/users\/1"}],"replies":[{"embeddable":true,"href":"https:\/\/botanicacbba2023.sbb.org.bo\/index.php?rest_route=%2Fwp%2Fv2%2Fcomments&post=150"}],"version-history":[{"count":8,"href":"https:\/\/botanicacbba2023.sbb.org.bo\/index.php?rest_route=\/wp\/v2\/pages\/150\/revisions"}],"predecessor-version":[{"id":310,"href":"https:\/\/botanicacbba2023.sbb.org.bo\/index.php?rest_route=\/wp\/v2\/pages\/150\/revisions\/310"}],"wp:attachment":[{"href":"https:\/\/botanicacbba2023.sbb.org.bo\/index.php?rest_route=%2Fwp%2Fv2%2Fmedia&parent=150"}],"curies":[{"name":"wp","href":"https:\/\/api.w.org\/{rel}","templated":true}]}}