{"id":2,"date":"2023-01-03T20:35:47","date_gmt":"2023-01-03T20:35:47","guid":{"rendered":"http:\/\/botanicacbba2023.sbb.org.bo\/?page_id=2"},"modified":"2023-05-13T17:47:11","modified_gmt":"2023-05-13T17:47:11","slug":"inscripciones","status":"publish","type":"page","link":"https:\/\/botanicacbba2023.sbb.org.bo\/?page_id=2","title":{"rendered":"Inscripciones"},"content":{"rendered":"<style>.wp-block-kadence-advancedheading.kt-adv-heading_91cc0c-50, .wp-block-kadence-advancedheading.kt-adv-heading_91cc0c-50[data-kb-block=\"kb-adv-heading_91cc0c-50\"]{text-align:center;font-style:normal;color:#206e3d;}.wp-block-kadence-advancedheading.kt-adv-heading_91cc0c-50 mark, .wp-block-kadence-advancedheading.kt-adv-heading_91cc0c-50[data-kb-block=\"kb-adv-heading_91cc0c-50\"] mark{font-style:normal;color:#f76a0c;padding-top:0px;padding-right:0px;padding-bottom:0px;padding-left:0px;}<\/style>\n<h2 class=\"kt-adv-heading_91cc0c-50 wp-block-kadence-advancedheading\" data-kb-block=\"kb-adv-heading_91cc0c-50\">Inscripciones<\/h2>\n\n\n\n<p>Les solicitamos puedan inscribirse tempranamente, eso ayudara tambi\u00e9n con la organizaci\u00f3n del evento y gozaran de un precio especial de inscripci\u00f3n. A fin de facilitar los pagos, se han generado QR seg\u00fan corresponda la categor\u00eda a la que pertenecen. Estos QR que corresponden a inscripci\u00f3n temprana y estar\u00e1n vigentes hasta el 10 de agosto del 2023.<\/p>\n\n\n<style>.wp-block-kadence-advancedheading.kt-adv-heading_78fe34-f1, .wp-block-kadence-advancedheading.kt-adv-heading_78fe34-f1[data-kb-block=\"kb-adv-heading_78fe34-f1\"]{font-style:normal;}.wp-block-kadence-advancedheading.kt-adv-heading_78fe34-f1 mark, .wp-block-kadence-advancedheading.kt-adv-heading_78fe34-f1[data-kb-block=\"kb-adv-heading_78fe34-f1\"] mark{font-style:normal;color:#f76a0c;padding-top:0px;padding-right:0px;padding-bottom:0px;padding-left:0px;}<\/style>\n<h3 class=\"kt-adv-heading_78fe34-f1 wp-block-kadence-advancedheading\" data-kb-block=\"kb-adv-heading_78fe34-f1\">Costo de Inscripciones <\/h3>\n\n\n\n<div class=\"wp-block-columns is-layout-flex wp-container-core-columns-is-layout-9d6595d7 wp-block-columns-is-layout-flex\">\n<div class=\"wp-block-column is-layout-flow wp-block-column-is-layout-flow\" style=\"flex-basis:25%\"><\/div>\n\n\n\n<div class=\"wp-block-column is-layout-flow wp-block-column-is-layout-flow\" style=\"flex-basis:50%\">\n<figure class=\"wp-block-table aligncenter is-style-stripes\"><table><tbody><tr><td class=\"has-text-align-left\" data-align=\"left\"><strong>Categor\u00eda <\/strong><br><br><\/td><td><strong> Costo de la inscripci\u00f3n (Bs)<br>Hasta el 10 agosto<\/strong><\/td><td><strong>Costo de la inscripci\u00f3n (Bs)<br>Hasta el d\u00eda del evento &#8211; 26 octubre<\/strong><\/td><\/tr><tr><td class=\"has-text-align-left\" data-align=\"left\"><strong>Estudiante de pregrado<\/strong><\/td><td>300<\/td><td>400<\/td><\/tr><tr><td class=\"has-text-align-left\" data-align=\"left\"><strong>Estudiante de posgrado<\/strong><\/td><td>400<\/td><td>500<\/td><\/tr><tr><td class=\"has-text-align-left\" data-align=\"left\"><strong>Profesional<\/strong><\/td><td>500<\/td><td>600<\/td><\/tr><tr><td class=\"has-text-align-left\" data-align=\"left\"><strong>Estudiante de pregrado miembro de la SBB<\/strong><\/td><td>250<\/td><td>350<\/td><\/tr><tr><td class=\"has-text-align-left\" data-align=\"left\"><strong>Estudiante de posgrado miembro de la SBB<\/strong><\/td><td>300<\/td><td>400<\/td><\/tr><tr><td class=\"has-text-align-left\" data-align=\"left\"><strong>Profesional miembro de la SBB<\/strong><\/td><td>450<\/td><td>550<\/td><\/tr><\/tbody><\/table><\/figure>\n<\/div>\n\n\n\n<div class=\"wp-block-column is-layout-flow wp-block-column-is-layout-flow\" style=\"flex-basis:25%\"><\/div>\n<\/div>\n\n\n<style>.wp-block-kadence-advancedheading.kt-adv-heading_022e15-64, .wp-block-kadence-advancedheading.kt-adv-heading_022e15-64[data-kb-block=\"kb-adv-heading_022e15-64\"]{font-style:normal;}.wp-block-kadence-advancedheading.kt-adv-heading_022e15-64 mark, .wp-block-kadence-advancedheading.kt-adv-heading_022e15-64[data-kb-block=\"kb-adv-heading_022e15-64\"] mark{font-style:normal;color:#f76a0c;padding-top:0px;padding-right:0px;padding-bottom:0px;padding-left:0px;}<\/style>\n<h2 class=\"kt-adv-heading_022e15-64 wp-block-kadence-advancedheading\" data-kb-block=\"kb-adv-heading_022e15-64\">Formas de pago <\/h2>\n\n\n<style>.wp-block-kadence-advancedheading.kt-adv-heading_26092a-11, .wp-block-kadence-advancedheading.kt-adv-heading_26092a-11[data-kb-block=\"kb-adv-heading_26092a-11\"]{font-style:normal;}.wp-block-kadence-advancedheading.kt-adv-heading_26092a-11 mark, .wp-block-kadence-advancedheading.kt-adv-heading_26092a-11[data-kb-block=\"kb-adv-heading_26092a-11\"] mark{font-style:normal;color:#f76a0c;padding-top:0px;padding-right:0px;padding-bottom:0px;padding-left:0px;}<\/style>\n<h3 class=\"kt-adv-heading_26092a-11 wp-block-kadence-advancedheading\" data-kb-block=\"kb-adv-heading_26092a-11\">Dep\u00f3sito bancario a los datos:<\/h3>\n\n\n<style>.wp-block-kadence-advancedheading.kt-adv-heading_8b79f4-f1, .wp-block-kadence-advancedheading.kt-adv-heading_8b79f4-f1[data-kb-block=\"kb-adv-heading_8b79f4-f1\"]{font-style:normal;}.wp-block-kadence-advancedheading.kt-adv-heading_8b79f4-f1 mark, .wp-block-kadence-advancedheading.kt-adv-heading_8b79f4-f1[data-kb-block=\"kb-adv-heading_8b79f4-f1\"] mark{font-style:normal;color:#f76a0c;padding-top:0px;padding-right:0px;padding-bottom:0px;padding-left:0px;}<\/style>\n<h4 class=\"kt-adv-heading_8b79f4-f1 wp-block-kadence-advancedheading\" data-kb-block=\"kb-adv-heading_8b79f4-f1\">Banco Bisa&nbsp;<\/h4>\n\n\n\n<ul class=\"wp-block-list\">\n<li><strong>Nombre del beneficiario<\/strong>: Nelly De la Barra Ricaldes<\/li>\n\n\n\n<li><strong>Documento de identidad<\/strong>: 3147636<\/li>\n\n\n\n<li><strong>N\u00famero de cuenta:<\/strong> 118006-401-6<\/li>\n<\/ul>\n\n\n<style>.wp-block-kadence-advancedheading.kt-adv-heading_32368c-ca, .wp-block-kadence-advancedheading.kt-adv-heading_32368c-ca[data-kb-block=\"kb-adv-heading_32368c-ca\"]{font-style:normal;}.wp-block-kadence-advancedheading.kt-adv-heading_32368c-ca mark, .wp-block-kadence-advancedheading.kt-adv-heading_32368c-ca[data-kb-block=\"kb-adv-heading_32368c-ca\"] mark{font-style:normal;color:#f76a0c;padding-top:0px;padding-right:0px;padding-bottom:0px;padding-left:0px;}<\/style>\n<h3 class=\"kt-adv-heading_32368c-ca wp-block-kadence-advancedheading\" data-kb-block=\"kb-adv-heading_32368c-ca\">Pago por medio de QR (inscripci\u00f3n temprana) seg\u00fan corresponda: <\/h3>\n\n\n<style>.wp-block-kadence-advancedheading.kt-adv-heading_c48a0a-c7, .wp-block-kadence-advancedheading.kt-adv-heading_c48a0a-c7[data-kb-block=\"kb-adv-heading_c48a0a-c7\"]{font-style:normal;}.wp-block-kadence-advancedheading.kt-adv-heading_c48a0a-c7 mark, .wp-block-kadence-advancedheading.kt-adv-heading_c48a0a-c7[data-kb-block=\"kb-adv-heading_c48a0a-c7\"] mark{font-style:normal;color:#f76a0c;padding-top:0px;padding-right:0px;padding-bottom:0px;padding-left:0px;}<\/style>\n<h3 class=\"kt-adv-heading_c48a0a-c7 wp-block-kadence-advancedheading\" data-kb-block=\"kb-adv-heading_c48a0a-c7\"><strong>Qr Adjunto en formulario de inscripci\u00f3n<\/strong>. <\/h3>\n\n\n\n<p><\/p>\n\n\n<style>.wp-block-kadence-advancedheading.kt-adv-heading_17c505-5a, .wp-block-kadence-advancedheading.kt-adv-heading_17c505-5a[data-kb-block=\"kb-adv-heading_17c505-5a\"]{font-style:normal;}.wp-block-kadence-advancedheading.kt-adv-heading_17c505-5a mark, .wp-block-kadence-advancedheading.kt-adv-heading_17c505-5a[data-kb-block=\"kb-adv-heading_17c505-5a\"] mark{font-style:normal;color:#f76a0c;padding-top:0px;padding-right:0px;padding-bottom:0px;padding-left:0px;}<\/style>\n<h2 class=\"kt-adv-heading_17c505-5a wp-block-kadence-advancedheading\" data-kb-block=\"kb-adv-heading_17c505-5a\">INSCRIPCI\u00d3N <\/h2>\n\n\n\n<p><strong>Inscripci\u00f3n temprana:<\/strong><\/p>\n\n\n\n<p>Para finalizar la inscripci\u00f3n temprana, se les solicita llenar el siguiente formulario de<strong> INSCRIPCI\u00d3N<\/strong>: <\/p>\n\n\n\n<p class=\"has-text-align-center has-large-font-size\"><a href=\"https:\/\/forms.gle\/qDKmWczkP1mBTC5H8\">https:\/\/forms.gle\/qDKmWczkP1mBTC5H8<\/a><\/p>\n\n\n\n<p class=\"has-text-align-left\">Para lo que necesitar\u00e1: 1) Comprobante de pago o dep\u00f3sito bancario, y en caso de ser miembro de la Sociedad Boliviana de Bot\u00e1nica, 2) n\u00famero de recibo de la SBB. Ambos documentos deber\u00e1n ser subidos al formulario en Google.<\/p>\n\n\n\n<p>Para cualquier duda o consulta, escribir al e mail del congreso: <a href=\"mailto:vcongresobolivianobotanica2023@gmail.com\">vcongresobolivianobotanica2023@gmail.com<\/a><\/p>\n","protected":false},"excerpt":{"rendered":"<p>Inscripciones Les solicitamos puedan inscribirse tempranamente, eso ayudara tambi\u00e9n con la organizaci\u00f3n del evento y gozaran de un precio especial de inscripci\u00f3n. A fin de facilitar los pagos, se han generado QR seg\u00fan corresponda la categor\u00eda a la que pertenecen. Estos QR que corresponden a inscripci\u00f3n temprana y estar\u00e1n vigentes hasta el 10 de agosto&#8230;<\/p>\n","protected":false},"author":1,"featured_media":0,"parent":0,"menu_order":0,"comment_status":"open","ping_status":"closed","template":"","meta":{"_kad_post_transparent":"","_kad_post_title":"","_kad_post_layout":"","_kad_post_sidebar_id":"","_kad_post_content_style":"","_kad_post_vertical_padding":"","_kad_post_feature":"","_kad_post_feature_position":"","_kad_post_header":false,"_kad_post_footer":false,"footnotes":""},"class_list":["post-2","page","type-page","status-publish","hentry"],"jetpack_sharing_enabled":true,"_links":{"self":[{"href":"https:\/\/botanicacbba2023.sbb.org.bo\/index.php?rest_route=\/wp\/v2\/pages\/2","targetHints":{"allow":["GET"]}}],"collection":[{"href":"https:\/\/botanicacbba2023.sbb.org.bo\/index.php?rest_route=\/wp\/v2\/pages"}],"about":[{"href":"https:\/\/botanicacbba2023.sbb.org.bo\/index.php?rest_route=\/wp\/v2\/types\/page"}],"author":[{"embeddable":true,"href":"https:\/\/botanicacbba2023.sbb.org.bo\/index.php?rest_route=\/wp\/v2\/users\/1"}],"replies":[{"embeddable":true,"href":"https:\/\/botanicacbba2023.sbb.org.bo\/index.php?rest_route=%2Fwp%2Fv2%2Fcomments&post=2"}],"version-history":[{"count":11,"href":"https:\/\/botanicacbba2023.sbb.org.bo\/index.php?rest_route=\/wp\/v2\/pages\/2\/revisions"}],"predecessor-version":[{"id":228,"href":"https:\/\/botanicacbba2023.sbb.org.bo\/index.php?rest_route=\/wp\/v2\/pages\/2\/revisions\/228"}],"wp:attachment":[{"href":"https:\/\/botanicacbba2023.sbb.org.bo\/index.php?rest_route=%2Fwp%2Fv2%2Fmedia&parent=2"}],"curies":[{"name":"wp","href":"https:\/\/api.w.org\/{rel}","templated":true}]}}