{"id":244,"date":"2023-06-05T22:28:01","date_gmt":"2023-06-05T22:28:01","guid":{"rendered":"https:\/\/botanicacbba2023.sbb.org.bo\/?page_id=244"},"modified":"2023-06-05T22:28:01","modified_gmt":"2023-06-05T22:28:01","slug":"concurso-de-ilustracion-botanica","status":"publish","type":"page","link":"https:\/\/botanicacbba2023.sbb.org.bo\/?page_id=244","title":{"rendered":"<strong>CONCURSO DE ILUSTRACI\u00d3N BOT\u00c1NICA<\/strong>"},"content":{"rendered":"\n<p class=\"has-medium-font-size\"><mark style=\"background-color:rgba(0, 0, 0, 0)\" class=\"has-inline-color has-theme-palette-3-color\"><strong>CONCURSO DE ILUSTRACI\u00d3N BOT\u00c1NICA<\/strong><\/mark><\/p>\n\n\n\n<p>La ilustraci\u00f3n cient\u00edfica es una disciplina art\u00edstico-cient\u00edfica, cuyo fin es sintetizar y representar la informaci\u00f3n para que sea interpretada por un determinado p\u00fablico. Las ilustraciones, por lo tanto, son una aproximaci\u00f3n visual a un concepto cient\u00edfico de forma precisa, clara y objetiva.<\/p>\n\n\n\n<p>En el marco del V Congreso Boliviano de Bot\u00e1nica a realizarse el 26 y 27 de octubre del presente a\u00f1o en la ciudad de Cochabamba, el comit\u00e9 organizador del mismo invita a todos los aficionados de la ilustraci\u00f3n bot\u00e1nica a participar del \u201c<strong>Concurso de ilustraci\u00f3n bot\u00e1nica\u201d<\/strong> con las siguientes bases:&nbsp;<\/p>\n\n\n\n<div class=\"wp-block-columns is-layout-flex wp-container-core-columns-is-layout-9d6595d7 wp-block-columns-is-layout-flex\">\n<div class=\"wp-block-column is-layout-flow wp-block-column-is-layout-flow\" style=\"flex-basis:33.33%\"><\/div>\n\n\n\n<div class=\"wp-block-column is-layout-flow wp-block-column-is-layout-flow\" style=\"flex-basis:66.66%\">\n<p><strong>1. Participantes<\/strong>\u00a0<\/p>\n\n\n\n<p>&#8211; Podr\u00e1n participar estudiantes, profesionales bi\u00f3logos o carreras afines y p\u00fablico en general que tenga afici\u00f3n a la ilustraci\u00f3n de plantas.&nbsp;&nbsp;<\/p>\n\n\n\n<p>&#8211; La participaci\u00f3n ser\u00e1 de car\u00e1cter individual.&nbsp;<\/p>\n\n\n\n<p>&#8211; Cada participante podr\u00e1 presentar un m\u00e1ximo de dos obras.&nbsp;<\/p>\n\n\n\n<p><strong>2. Caracter\u00edsticas <\/strong>&nbsp;<\/p>\n\n\n\n<p>&#8211; Las obras a presentarse deben ser de exclusiva creaci\u00f3n tanto intelectual como material de los participantes. Deben ser originales e in\u00e9ditas.&nbsp;&nbsp;<\/p>\n\n\n\n<p>&#8211; No deben haber sido exhibidas ni presentadas previamente en otro certamen, exhibici\u00f3n, exposici\u00f3n o concurso.&nbsp;&nbsp;<\/p>\n\n\n\n<p><strong>3. Tema, formato y t\u00e9cnica de la obra<\/strong>&nbsp;<\/p>\n\n\n\n<p>&#8211; El participante podr\u00e1 elegir la especie vegetal que desee.&nbsp;&nbsp;<\/p>\n\n\n\n<p>&#8211; La obra debe reflejar en escala las caracter\u00edsticas morfol\u00f3gicas de la planta, con detalle de hojas, flor, fruto y cualquier otra caracter\u00edstica propia de la planta seleccionada.&nbsp;<\/p>\n\n\n\n<p>&#8211; Las obras deber\u00e1n ser presentadas totalmente terminadas y listas para su exhibici\u00f3n. &nbsp;<\/p>\n\n\n\n<p>&#8211; La obra debe realizarse en papel vegetal o papel de dibujo tama\u00f1o oficio A4 (210 x 297mm). &nbsp;<\/p>\n\n\n\n<p>&#8211; Ninguna de las obras llevar\u00e1 firma, marca de agua, t\u00edtulo o texto. El nombre cient\u00edfico y nombre del autor ir\u00e1n en el reverso de la ilustraci\u00f3n para garantizar la absoluta imparcialidad del concurso.&nbsp;<\/p>\n\n\n\n<p>&#8211; Se recibir\u00e1n obras en blanco y negro (tinta y grafito) y a color (t\u00e9cnicas en acuarela y&nbsp;l\u00e1pices a colores).&nbsp;&nbsp;<\/p>\n\n\n\n<p><strong>4. Premios<\/strong>&nbsp;<\/p>\n\n\n\n<p>&#8211;&nbsp;Se premiar\u00e1 a los 2 mejores trabajos, considerando 1er y 2do premio. La premiaci\u00f3n se realizar\u00e1 durante el acto de clausura del Congreso.&nbsp;<\/p>\n\n\n\n<p><strong>5. Presentaci\u00f3n de las obras <\/strong>&nbsp;<\/p>\n\n\n\n<p>&#8211; En un sobre manila cerrado incluir la obra y una fotocopia de carnet del participante. El sobre debe estar rotulado exteriormente de la siguiente manera:&nbsp;<\/p>\n\n\n\n<p><strong>Concurso de Ilustraci\u00f3n Cient\u00edfica del V Congreso Boliviano de Bot\u00e1nica<\/strong>&nbsp;<\/p>\n\n\n\n<p>\u00b7 Nombre cient\u00edfico de la planta representada en la obra: XXXXXX XXXXXX&nbsp;<\/p>\n\n\n\n<p>\u00b7 Nombre completo del participante: XXXX XXXXX&nbsp;<\/p>\n\n\n\n<p>\u00b7 N\u00famero de celular: XXXXXXXX&nbsp;<\/p>\n\n\n\n<p>-Todas las obras deben ser presentadas hasta el d\u00eda 25 de octubre a horas, 12:00 pm en las oficinas del Centro de Biodiversidad y Gen\u00e9tica (Calle Sucre y Parque La Torre, Fac. de Ciencias y Tecnolog\u00eda, UMSS, edificio Agroqu\u00edmico, 2do piso, Tel\u00e9fonos 4540364 y 4540796) en sobre cerrado, los mismos ser\u00e1n expuestos los d\u00edas 26 y 27 de octubre del presente a\u00f1o, en los ambientes del Congreso.&nbsp;<\/p>\n\n\n\n<p><em>Para cualquier informaci\u00f3n adicional, comunicarse con Gabriel Torrico (<\/em><a href=\"mailto:gabriel.torcam@gmail.com\"><em>gabriel.torcam@gmail.com<\/em><\/a><em>) tel\u00e9fono 60709767.<\/em><\/p>\n<\/div>\n<\/div>\n\n\n\n<p><\/p>\n\n\n\n<p><\/p>\n","protected":false},"excerpt":{"rendered":"<p>CONCURSO DE ILUSTRACI\u00d3N BOT\u00c1NICA La ilustraci\u00f3n cient\u00edfica es una disciplina art\u00edstico-cient\u00edfica, cuyo fin es sintetizar y representar la informaci\u00f3n para que sea interpretada por un determinado p\u00fablico. Las ilustraciones, por lo tanto, son una aproximaci\u00f3n visual a un concepto cient\u00edfico de forma precisa, clara y objetiva. En el marco del V Congreso Boliviano de Bot\u00e1nica&#8230;<\/p>\n","protected":false},"author":1,"featured_media":0,"parent":0,"menu_order":0,"comment_status":"closed","ping_status":"closed","template":"","meta":{"_kad_post_transparent":"","_kad_post_title":"","_kad_post_layout":"","_kad_post_sidebar_id":"","_kad_post_content_style":"","_kad_post_vertical_padding":"","_kad_post_feature":"","_kad_post_feature_position":"","_kad_post_header":false,"_kad_post_footer":false,"footnotes":""},"class_list":["post-244","page","type-page","status-publish","hentry"],"jetpack_sharing_enabled":true,"_links":{"self":[{"href":"https:\/\/botanicacbba2023.sbb.org.bo\/index.php?rest_route=\/wp\/v2\/pages\/244","targetHints":{"allow":["GET"]}}],"collection":[{"href":"https:\/\/botanicacbba2023.sbb.org.bo\/index.php?rest_route=\/wp\/v2\/pages"}],"about":[{"href":"https:\/\/botanicacbba2023.sbb.org.bo\/index.php?rest_route=\/wp\/v2\/types\/page"}],"author":[{"embeddable":true,"href":"https:\/\/botanicacbba2023.sbb.org.bo\/index.php?rest_route=\/wp\/v2\/users\/1"}],"replies":[{"embeddable":true,"href":"https:\/\/botanicacbba2023.sbb.org.bo\/index.php?rest_route=%2Fwp%2Fv2%2Fcomments&post=244"}],"version-history":[{"count":2,"href":"https:\/\/botanicacbba2023.sbb.org.bo\/index.php?rest_route=\/wp\/v2\/pages\/244\/revisions"}],"predecessor-version":[{"id":246,"href":"https:\/\/botanicacbba2023.sbb.org.bo\/index.php?rest_route=\/wp\/v2\/pages\/244\/revisions\/246"}],"wp:attachment":[{"href":"https:\/\/botanicacbba2023.sbb.org.bo\/index.php?rest_route=%2Fwp%2Fv2%2Fmedia&parent=244"}],"curies":[{"name":"wp","href":"https:\/\/api.w.org\/{rel}","templated":true}]}}