{"id":248,"date":"2023-06-05T22:29:40","date_gmt":"2023-06-05T22:29:40","guid":{"rendered":"https:\/\/botanicacbba2023.sbb.org.bo\/?page_id=248"},"modified":"2023-06-05T22:29:40","modified_gmt":"2023-06-05T22:29:40","slug":"concurso-para-aficionados-a-la-fotografia","status":"publish","type":"page","link":"https:\/\/botanicacbba2023.sbb.org.bo\/?page_id=248","title":{"rendered":"<strong>CONCURSO PARA AFICIONADOS A LA FOTOGRAF\u00cdA<\/strong>"},"content":{"rendered":"\n<p><strong>CONCURSO PARA AFICIONADOS A LA FOTOGRAF\u00cdA<\/strong><\/p>\n\n\n\n<p>El concurso tiene como objetivo promover el talento fotogr\u00e1fico de las personas dedicadas a realizar registros fotogr\u00e1ficos para mostrar a trav\u00e9s de una imagen las especies de plantas, paisajes y\/o tipos de bosques que existen en Bolivia.<\/p>\n\n\n\n<p>En este contexto, en el marco del V Congreso Boliviano de Bot\u00e1nica a realizarse el 26 y 27 de octubre del 2023, en la ciudad de Cochabamba, Bolivia, el comit\u00e9 organizador invita a todas las personas<strong>&nbsp;&nbsp; aficionadas <\/strong>a la fotograf\u00eda, para participar en el \u201c<strong>Concurso de fotograf\u00eda bot\u00e1nica\u201d<\/strong> de acuerdo a las siguientes bases:&nbsp;<\/p>\n\n\n\n<div class=\"wp-block-columns is-layout-flex wp-container-core-columns-is-layout-9d6595d7 wp-block-columns-is-layout-flex\">\n<div class=\"wp-block-column is-layout-flow wp-block-column-is-layout-flow\" style=\"flex-basis:33.33%\"><\/div>\n\n\n\n<div class=\"wp-block-column is-layout-flow wp-block-column-is-layout-flow\" style=\"flex-basis:66.66%\">\n<p><strong>1. Participantes<\/strong>\u00a0<\/p>\n\n\n\n<p>&#8211; Podr\u00e1n participar estudiantes, profesionales bi\u00f3logos o de carreras afines, con afici\u00f3n a la fotograf\u00eda.&nbsp;&nbsp;<\/p>\n\n\n\n<p>&#8211; Cada participante podr\u00e1 presentar m\u00e1ximo dos fotograf\u00edas.&nbsp;<\/p>\n\n\n\n<p><strong>2. Caracter\u00edsticas <\/strong>&nbsp;<\/p>\n\n\n\n<p>&#8211; Las fotograf\u00edas a presentarse deben ser in\u00e9ditas y de creaci\u00f3n exclusiva de los participantes.<\/p>\n\n\n\n<p>&#8211; las fotograf\u00edas no deben haber sido presentadas en otros concursos fotogr\u00e1ficos y tampoco deben haber sido expuestas en sitios webs, medios digitales o impresos.&nbsp;<\/p>\n\n\n\n<p><strong>3. Tema y formato<\/strong><\/p>\n\n\n\n<p>&#8211; La tem\u00e1tica del concurso eta relacionado con las diferentes \u00e1reas tem\u00e1ticas del Congreso. La fotograf\u00eda deber\u00e1 incluir en la composici\u00f3n una o varias especies vegetales.<\/p>\n\n\n\n<p>-Las fotograf\u00edas tienen que haber sido necesariamente obtenidas o registradas en Bolivia.<\/p>\n\n\n\n<p>&#8211; En la fotograf\u00eda s\u00f3lo se permitir\u00e1n correcciones m\u00ednimas de contraste y luminosidad. No se aceptar\u00e1n fotomontajes, ni fotograf\u00edas con firmas o marcas de agua, t\u00edtulo o texto al interior. Tampoco se aceptar\u00e1n fotograf\u00edas mejoradas con aplicaciones o programas destinados para este fin.<\/p>\n\n\n\n<p>&#8211; Las fotograf\u00edas deber\u00e1n presentarse en formato digital JPEG o TIFF, con resoluci\u00f3n de 300 DPI y tambi\u00e9n en formato impreso, tama\u00f1o 20 por 30 cm. El archivo deber\u00e1 tener las iniciales del nombre, el apellido completo del participante y la especie (nombre com\u00fan o cient\u00edfico), ejemplo: AL_Mendez_Passiflora.<\/p>\n\n\n\n<p><strong>4. Premios<\/strong>&nbsp;<\/p>\n\n\n\n<p>&#8211;&nbsp;Se premiar\u00e1 a las 2 mejores fotograf\u00edas. La premiaci\u00f3n se realizar\u00e1 durante el acto de clausura del Congreso.&nbsp;<\/p>\n\n\n\n<p><strong>5. Presentaci\u00f3n<\/strong><\/p>\n\n\n\n<p>&#8211; La recepci\u00f3n de fotograf\u00edas digitales e impresas se realizar\u00e1 a partir del 11 de octubre hasta el 20 de octubre del 2023. Los participantes deber\u00e1n enviar una versi\u00f3n digital al e-mail (<a href=\"mailto:vcongresobolivianobotanica2023@gmail.com\">vcongresobolivianobotanica2023@gmail.com<\/a>) y una versi\u00f3n impresa por Courier a la siguiente direcci\u00f3n:<\/p>\n\n\n\n<p>Centro de Biodiversidad y Gen\u00e9tica, Facultad de Ciencias y Tecnolog\u00eda, Universidad Mayor de San Sim\u00f3n<\/p>\n\n\n\n<p>Campus Universitario. Calle Sucre y Parque la Torre, edificio Agroqu\u00edmico, 2 do piso.<\/p>\n\n\n\n<p>Cochabamba-Bolivia<\/p>\n\n\n\n<p>Ref: concurso fotograf\u00eda<\/p>\n\n\n\n<p>La fotograf\u00eda deber\u00e1 ir acompa\u00f1ada de la siguiente informaci\u00f3n:<\/p>\n\n\n\n<ul class=\"wp-block-list\">\n<li>T\u00edtulo corto de su fotograf\u00eda (hasta 10 palabras)<\/li>\n\n\n\n<li>Nombre completo del participante<\/li>\n\n\n\n<li>Una breve descripci\u00f3n de la circunstancia en la que realiz\u00f3 la fotograf\u00eda (m\u00e1ximo 50 palabras).<\/li>\n<\/ul>\n\n\n\n<p>Las fotograf\u00edas que no cumplan las bases establecidas, ser\u00e1n excluidas del concurso.<\/p>\n\n\n\n<p>&#8211; Las fotograf\u00edas aceptadas ser\u00e1n expuestas durante el congreso.<\/p>\n\n\n\n<p><em>Para cualquier informaci\u00f3n adicional, comunicarse con Gabriel Torrico (<\/em><a href=\"mailto:gabriel.torcam@gmail.com\"><em>gabriel.torcam@gmail.com<\/em><\/a><em>) tel\u00e9fono 60709767.<\/em> Visita nuestra p\u00e1gina web <a href=\"https:\/\/botanicacbba2023.sbb.org.bo\/\">https:\/\/botanicacbba2023.sbb.org.bo\/<\/a>.<\/p>\n<\/div>\n<\/div>\n\n\n\n<p><\/p>\n\n\n\n<p><\/p>\n","protected":false},"excerpt":{"rendered":"<p>CONCURSO PARA AFICIONADOS A LA FOTOGRAF\u00cdA El concurso tiene como objetivo promover el talento fotogr\u00e1fico de las personas dedicadas a realizar registros fotogr\u00e1ficos para mostrar a trav\u00e9s de una imagen las especies de plantas, paisajes y\/o tipos de bosques que existen en Bolivia. En este contexto, en el marco del V Congreso Boliviano de Bot\u00e1nica&#8230;<\/p>\n","protected":false},"author":1,"featured_media":0,"parent":0,"menu_order":0,"comment_status":"closed","ping_status":"closed","template":"","meta":{"_kad_post_transparent":"","_kad_post_title":"","_kad_post_layout":"","_kad_post_sidebar_id":"","_kad_post_content_style":"","_kad_post_vertical_padding":"","_kad_post_feature":"","_kad_post_feature_position":"","_kad_post_header":false,"_kad_post_footer":false,"footnotes":""},"class_list":["post-248","page","type-page","status-publish","hentry"],"jetpack_sharing_enabled":true,"_links":{"self":[{"href":"https:\/\/botanicacbba2023.sbb.org.bo\/index.php?rest_route=\/wp\/v2\/pages\/248","targetHints":{"allow":["GET"]}}],"collection":[{"href":"https:\/\/botanicacbba2023.sbb.org.bo\/index.php?rest_route=\/wp\/v2\/pages"}],"about":[{"href":"https:\/\/botanicacbba2023.sbb.org.bo\/index.php?rest_route=\/wp\/v2\/types\/page"}],"author":[{"embeddable":true,"href":"https:\/\/botanicacbba2023.sbb.org.bo\/index.php?rest_route=\/wp\/v2\/users\/1"}],"replies":[{"embeddable":true,"href":"https:\/\/botanicacbba2023.sbb.org.bo\/index.php?rest_route=%2Fwp%2Fv2%2Fcomments&post=248"}],"version-history":[{"count":1,"href":"https:\/\/botanicacbba2023.sbb.org.bo\/index.php?rest_route=\/wp\/v2\/pages\/248\/revisions"}],"predecessor-version":[{"id":249,"href":"https:\/\/botanicacbba2023.sbb.org.bo\/index.php?rest_route=\/wp\/v2\/pages\/248\/revisions\/249"}],"wp:attachment":[{"href":"https:\/\/botanicacbba2023.sbb.org.bo\/index.php?rest_route=%2Fwp%2Fv2%2Fmedia&parent=248"}],"curies":[{"name":"wp","href":"https:\/\/api.w.org\/{rel}","templated":true}]}}