{"id":59,"date":"2023-01-09T22:41:32","date_gmt":"2023-01-09T22:41:32","guid":{"rendered":"http:\/\/botanicacbba2023.sbb.org.bo\/?page_id=59"},"modified":"2023-05-13T15:34:28","modified_gmt":"2023-05-13T15:34:28","slug":"cronograma","status":"publish","type":"page","link":"https:\/\/botanicacbba2023.sbb.org.bo\/?page_id=59","title":{"rendered":"Fechas importantes"},"content":{"rendered":"<style>.wp-block-kadence-advancedheading.kt-adv-heading_cb4915-66, .wp-block-kadence-advancedheading.kt-adv-heading_cb4915-66[data-kb-block=\"kb-adv-heading_cb4915-66\"]{font-style:normal;}.wp-block-kadence-advancedheading.kt-adv-heading_cb4915-66 mark, .wp-block-kadence-advancedheading.kt-adv-heading_cb4915-66[data-kb-block=\"kb-adv-heading_cb4915-66\"] mark{font-style:normal;color:#f76a0c;padding-top:0px;padding-right:0px;padding-bottom:0px;padding-left:0px;}<\/style>\n<h2 class=\"kt-adv-heading_cb4915-66 wp-block-kadence-advancedheading\" data-kb-block=\"kb-adv-heading_cb4915-66\">Fechas importantes<\/h2>\n\n\n\n<div class=\"wp-block-columns is-layout-flex wp-container-core-columns-is-layout-9d6595d7 wp-block-columns-is-layout-flex\">\n<div class=\"wp-block-column is-layout-flow wp-block-column-is-layout-flow\" style=\"flex-basis:33.33%\"><\/div>\n\n\n\n<div class=\"wp-block-column is-layout-flow wp-block-column-is-layout-flow\" style=\"flex-basis:66.66%\">\n<figure class=\"wp-block-table is-style-stripes\"><table><tbody><tr><td><strong>Actividad<\/strong><\/td><td><strong>Fecha<\/strong><\/td><\/tr><tr><td><strong>Env\u00edo de propuestas de simposios y talleres:<\/strong><\/td><td><strong>15 de junio de 2023<\/strong> <strong>&nbsp;<\/strong><\/td><\/tr><tr><td><strong>Fecha l\u00edmite para el env\u00edo de Res\u00famenes <\/strong><\/td><td><strong>15 de agosto de 2023<\/strong><\/td><\/tr><tr><td>I<strong><strong>nscripci\u00f3n temprana:<\/strong><\/strong><\/td><td><strong><strong>10 de agosto de 2023<\/strong><\/strong><\/td><\/tr><tr><td><strong>Inscripci\u00f3n en sitio:<\/strong><\/td><td><strong>26 de octubre de 2023 <\/strong><strong><\/strong><\/td><\/tr><\/tbody><\/table><\/figure>\n<\/div>\n<\/div>\n","protected":false},"excerpt":{"rendered":"<p>Fechas importantes Actividad Fecha Env\u00edo de propuestas de simposios y talleres: 15 de junio de 2023 &nbsp; Fecha l\u00edmite para el env\u00edo de Res\u00famenes 15 de agosto de 2023 Inscripci\u00f3n temprana: 10 de agosto de 2023 Inscripci\u00f3n en sitio: 26 de octubre de 2023<\/p>\n","protected":false},"author":1,"featured_media":0,"parent":0,"menu_order":0,"comment_status":"closed","ping_status":"closed","template":"","meta":{"_kad_post_transparent":"","_kad_post_title":"","_kad_post_layout":"","_kad_post_sidebar_id":"","_kad_post_content_style":"","_kad_post_vertical_padding":"","_kad_post_feature":"","_kad_post_feature_position":"","_kad_post_header":false,"_kad_post_footer":false,"footnotes":""},"class_list":["post-59","page","type-page","status-publish","hentry"],"jetpack_sharing_enabled":true,"_links":{"self":[{"href":"https:\/\/botanicacbba2023.sbb.org.bo\/index.php?rest_route=\/wp\/v2\/pages\/59","targetHints":{"allow":["GET"]}}],"collection":[{"href":"https:\/\/botanicacbba2023.sbb.org.bo\/index.php?rest_route=\/wp\/v2\/pages"}],"about":[{"href":"https:\/\/botanicacbba2023.sbb.org.bo\/index.php?rest_route=\/wp\/v2\/types\/page"}],"author":[{"embeddable":true,"href":"https:\/\/botanicacbba2023.sbb.org.bo\/index.php?rest_route=\/wp\/v2\/users\/1"}],"replies":[{"embeddable":true,"href":"https:\/\/botanicacbba2023.sbb.org.bo\/index.php?rest_route=%2Fwp%2Fv2%2Fcomments&post=59"}],"version-history":[{"count":4,"href":"https:\/\/botanicacbba2023.sbb.org.bo\/index.php?rest_route=\/wp\/v2\/pages\/59\/revisions"}],"predecessor-version":[{"id":203,"href":"https:\/\/botanicacbba2023.sbb.org.bo\/index.php?rest_route=\/wp\/v2\/pages\/59\/revisions\/203"}],"wp:attachment":[{"href":"https:\/\/botanicacbba2023.sbb.org.bo\/index.php?rest_route=%2Fwp%2Fv2%2Fmedia&parent=59"}],"curies":[{"name":"wp","href":"https:\/\/api.w.org\/{rel}","templated":true}]}}