{"id":61,"date":"2023-01-09T22:43:47","date_gmt":"2023-01-09T22:43:47","guid":{"rendered":"http:\/\/botanicacbba2023.sbb.org.bo\/?page_id=61"},"modified":"2023-09-30T10:14:03","modified_gmt":"2023-09-30T10:14:03","slug":"acerca-de","status":"publish","type":"page","link":"https:\/\/botanicacbba2023.sbb.org.bo\/?page_id=61","title":{"rendered":"Acerca de"},"content":{"rendered":"<style>.kb-image_6c3742-dd.kb-image-is-ratio-size, .kb-image_6c3742-dd .kb-image-is-ratio-size{max-width:405px;width:100%;}.kb-image_6c3742-dd figure{max-width:405px;}.kb-image_6c3742-dd .image-is-svg, .kb-image_6c3742-dd .image-is-svg img{width:100%;}.kb-image_6c3742-dd .kb-image-has-overlay:after{opacity:0.3;}<\/style>\n<div class=\"wp-block-kadence-image kb-image_6c3742-dd\"><figure class=\"aligncenter size-large\"><img data-recalc-dims=\"1\" loading=\"lazy\" decoding=\"async\" width=\"1024\" height=\"564\" src=\"https:\/\/i0.wp.com\/botanicacbba2023.sbb.org.bo\/wp-content\/uploads\/2023\/09\/LOGO1.png?resize=1024%2C564&#038;ssl=1\" alt=\"\" class=\"kb-img wp-image-302\" srcset=\"https:\/\/i0.wp.com\/botanicacbba2023.sbb.org.bo\/wp-content\/uploads\/2023\/09\/LOGO1.png?resize=1024%2C564&amp;ssl=1 1024w, https:\/\/i0.wp.com\/botanicacbba2023.sbb.org.bo\/wp-content\/uploads\/2023\/09\/LOGO1.png?resize=300%2C165&amp;ssl=1 300w, https:\/\/i0.wp.com\/botanicacbba2023.sbb.org.bo\/wp-content\/uploads\/2023\/09\/LOGO1.png?resize=768%2C423&amp;ssl=1 768w, https:\/\/i0.wp.com\/botanicacbba2023.sbb.org.bo\/wp-content\/uploads\/2023\/09\/LOGO1.png?resize=1536%2C846&amp;ssl=1 1536w, https:\/\/i0.wp.com\/botanicacbba2023.sbb.org.bo\/wp-content\/uploads\/2023\/09\/LOGO1.png?resize=2048%2C1127&amp;ssl=1 2048w, https:\/\/i0.wp.com\/botanicacbba2023.sbb.org.bo\/wp-content\/uploads\/2023\/09\/LOGO1.png?w=2580&amp;ssl=1 2580w, https:\/\/i0.wp.com\/botanicacbba2023.sbb.org.bo\/wp-content\/uploads\/2023\/09\/LOGO1.png?w=3870&amp;ssl=1 3870w\" sizes=\"auto, (max-width: 1024px) 100vw, 1024px\" \/><\/figure><\/div>\n\n\n\n<p class=\"has-text-align-center\"><em>Valorando la diversidad flor\u00edstica de Bolivia para enfrentar los desaf\u00edos de este siglo<\/em><\/p>\n\n\n\n<p class=\"has-text-align-center\">26 y 27 Octubre <\/p>\n\n\n\n<p class=\"has-text-align-center\">Cochabamba &#8211; Bolivia<\/p>\n\n\n<style>.wp-block-kadence-advancedheading.kt-adv-heading_cbffa3-c7, .wp-block-kadence-advancedheading.kt-adv-heading_cbffa3-c7[data-kb-block=\"kb-adv-heading_cbffa3-c7\"]{font-style:normal;}.wp-block-kadence-advancedheading.kt-adv-heading_cbffa3-c7 mark, .wp-block-kadence-advancedheading.kt-adv-heading_cbffa3-c7[data-kb-block=\"kb-adv-heading_cbffa3-c7\"] mark{font-style:normal;color:#f76a0c;padding-top:0px;padding-right:0px;padding-bottom:0px;padding-left:0px;}<\/style>\n<h3 class=\"kt-adv-heading_cbffa3-c7 wp-block-kadence-advancedheading\" data-kb-block=\"kb-adv-heading_cbffa3-c7\">Objetivos<\/h3>\n\n\n\n<ul class=\"wp-block-list\">\n<li>Crear un espacio de encuentro de investigadores (e instituciones) y reflexi\u00f3n para el aporte al desarrollo socioecon\u00f3mico y ambiental del pa\u00eds.<\/li>\n\n\n\n<li>Promover la divulgaci\u00f3n cient\u00edfica en el \u00e1rea de la bot\u00e1nica en los \u00faltimos a\u00f1os en Bolivia<\/li>\n<\/ul>\n\n\n<style>.wp-block-kadence-advancedheading.kt-adv-heading_c90cff-e3, .wp-block-kadence-advancedheading.kt-adv-heading_c90cff-e3[data-kb-block=\"kb-adv-heading_c90cff-e3\"]{font-style:normal;}.wp-block-kadence-advancedheading.kt-adv-heading_c90cff-e3 mark, .wp-block-kadence-advancedheading.kt-adv-heading_c90cff-e3[data-kb-block=\"kb-adv-heading_c90cff-e3\"] mark{font-style:normal;color:#f76a0c;padding-top:0px;padding-right:0px;padding-bottom:0px;padding-left:0px;}<\/style>\n<h3 class=\"kt-adv-heading_c90cff-e3 wp-block-kadence-advancedheading\" data-kb-block=\"kb-adv-heading_c90cff-e3\">\u00c1reas tem\u00e1ticas<\/h3>\n\n\n\n<ol class=\"wp-block-list\" type=\"1\">\n<li>Sistem\u00e1tica filogenia, biogeograf\u00eda y evoluci\u00f3n<\/li>\n\n\n\n<li>Ecolog\u00eda, medioambiente y cambios globales, incluye especies invasivas e interacci\u00f3n planta animal<\/li>\n\n\n\n<li>Diversidad vegetal, conservaci\u00f3n y manejo de recursos vegetales<\/li>\n\n\n\n<li>Estructura, fisiolog\u00eda y desarrollo de las plantas<\/li>\n\n\n\n<li>Gen\u00e9tica, gen\u00f3mica, cultivo de tejidos vegetales y bioinform\u00e1tica<\/li>\n\n\n\n<li>Plantas y sociedad<\/li>\n\n\n\n<li>Fitoqu\u00edmica<\/li>\n\n\n\n<li>Palinolog\u00eda y paleobot\u00e1nica<\/li>\n<\/ol>\n","protected":false},"excerpt":{"rendered":"<p>Valorando la diversidad flor\u00edstica de Bolivia para enfrentar los desaf\u00edos de este siglo 26 y 27 Octubre Cochabamba &#8211; Bolivia Objetivos \u00c1reas tem\u00e1ticas<\/p>\n","protected":false},"author":1,"featured_media":0,"parent":0,"menu_order":0,"comment_status":"closed","ping_status":"closed","template":"","meta":{"_kad_post_transparent":"","_kad_post_title":"","_kad_post_layout":"","_kad_post_sidebar_id":"","_kad_post_content_style":"","_kad_post_vertical_padding":"","_kad_post_feature":"","_kad_post_feature_position":"","_kad_post_header":false,"_kad_post_footer":false,"footnotes":""},"class_list":["post-61","page","type-page","status-publish","hentry"],"jetpack_sharing_enabled":true,"_links":{"self":[{"href":"https:\/\/botanicacbba2023.sbb.org.bo\/index.php?rest_route=\/wp\/v2\/pages\/61","targetHints":{"allow":["GET"]}}],"collection":[{"href":"https:\/\/botanicacbba2023.sbb.org.bo\/index.php?rest_route=\/wp\/v2\/pages"}],"about":[{"href":"https:\/\/botanicacbba2023.sbb.org.bo\/index.php?rest_route=\/wp\/v2\/types\/page"}],"author":[{"embeddable":true,"href":"https:\/\/botanicacbba2023.sbb.org.bo\/index.php?rest_route=\/wp\/v2\/users\/1"}],"replies":[{"embeddable":true,"href":"https:\/\/botanicacbba2023.sbb.org.bo\/index.php?rest_route=%2Fwp%2Fv2%2Fcomments&post=61"}],"version-history":[{"count":8,"href":"https:\/\/botanicacbba2023.sbb.org.bo\/index.php?rest_route=\/wp\/v2\/pages\/61\/revisions"}],"predecessor-version":[{"id":305,"href":"https:\/\/botanicacbba2023.sbb.org.bo\/index.php?rest_route=\/wp\/v2\/pages\/61\/revisions\/305"}],"wp:attachment":[{"href":"https:\/\/botanicacbba2023.sbb.org.bo\/index.php?rest_route=%2Fwp%2Fv2%2Fmedia&parent=61"}],"curies":[{"name":"wp","href":"https:\/\/api.w.org\/{rel}","templated":true}]}}